{"id":1276,"date":"2024-05-19T00:00:52","date_gmt":"2024-05-18T22:00:52","guid":{"rendered":"https:\/\/kvisionia.com\/contact\/"},"modified":"2024-04-28T16:09:43","modified_gmt":"2024-04-28T14:09:43","slug":"contact","status":"publish","type":"page","link":"https:\/\/kvisionia.com\/fr\/contact\/","title":{"rendered":"Contact"},"content":{"rendered":"\t\t<div data-elementor-type=\"wp-page\" data-elementor-id=\"1276\" class=\"elementor elementor-1276 elementor-23\">\n\t\t\t\t\t\t<section class=\"elementor-section elementor-top-section elementor-element elementor-element-a0a4a5f elementor-section-boxed elementor-section-height-default elementor-section-height-default\" data-id=\"a0a4a5f\" data-element_type=\"section\">\n\t\t\t\t\t\t<div class=\"elementor-container elementor-column-gap-default\">\n\t\t\t\t\t<div class=\"elementor-column elementor-col-25 elementor-top-column elementor-element elementor-element-8f348cc\" data-id=\"8f348cc\" data-element_type=\"column\">\n\t\t\t<div class=\"elementor-widget-wrap elementor-element-populated\">\n\t\t\t\t\t\t<div class=\"elementor-element elementor-element-9715bf7 elementor-invisible elementor-widget elementor-widget-image\" data-id=\"9715bf7\" data-element_type=\"widget\" data-settings=\"{&quot;_animation&quot;:&quot;fadeInLeft&quot;}\" data-widget_type=\"image.default\">\n\t\t\t\t<div class=\"elementor-widget-container\">\n\t\t\t<style>\/*! elementor - v3.21.0 - 18-04-2024 *\/\n.elementor-widget-image{text-align:center}.elementor-widget-image a{display:inline-block}.elementor-widget-image a img[src$=\".svg\"]{width:48px}.elementor-widget-image img{vertical-align:middle;display:inline-block}<\/style>\t\t\t\t\t\t\t\t\t\t<img fetchpriority=\"high\" decoding=\"async\" width=\"640\" height=\"640\" src=\"https:\/\/kvisionia.com\/wp-content\/uploads\/2024\/04\/KVISION_IA_Logo_-_Original_-_5000x5000-1024x1024.png\" class=\"attachment-large size-large wp-image-908\" alt=\"\" srcset=\"https:\/\/kvisionia.com\/wp-content\/uploads\/2024\/04\/KVISION_IA_Logo_-_Original_-_5000x5000-1024x1024.png 1024w, https:\/\/kvisionia.com\/wp-content\/uploads\/2024\/04\/KVISION_IA_Logo_-_Original_-_5000x5000-300x300.png 300w, https:\/\/kvisionia.com\/wp-content\/uploads\/2024\/04\/KVISION_IA_Logo_-_Original_-_5000x5000-150x150.png 150w, https:\/\/kvisionia.com\/wp-content\/uploads\/2024\/04\/KVISION_IA_Logo_-_Original_-_5000x5000-768x768.png 768w, https:\/\/kvisionia.com\/wp-content\/uploads\/2024\/04\/KVISION_IA_Logo_-_Original_-_5000x5000-1536x1536.png 1536w, https:\/\/kvisionia.com\/wp-content\/uploads\/2024\/04\/KVISION_IA_Logo_-_Original_-_5000x5000-2048x2048.png 2048w, https:\/\/kvisionia.com\/wp-content\/uploads\/2024\/04\/KVISION_IA_Logo_-_Original_-_5000x5000-e1714225702466.png 200w\" sizes=\"(max-width: 640px) 100vw, 640px\" \/>\t\t\t\t\t\t\t\t\t\t\t\t\t<\/div>\n\t\t\t\t<\/div>\n\t\t\t\t\t<\/div>\n\t\t<\/div>\n\t\t\t\t<div class=\"elementor-column elementor-col-50 elementor-top-column elementor-element elementor-element-e72b4ca\" data-id=\"e72b4ca\" data-element_type=\"column\">\n\t\t\t<div class=\"elementor-widget-wrap elementor-element-populated\">\n\t\t\t\t\t\t<div class=\"elementor-element elementor-element-42c29c6 elementor-invisible elementor-widget elementor-widget-image\" data-id=\"42c29c6\" data-element_type=\"widget\" data-settings=\"{&quot;_animation&quot;:&quot;fadeInDown&quot;}\" data-widget_type=\"image.default\">\n\t\t\t\t<div class=\"elementor-widget-container\">\n\t\t\t\t\t\t\t\t\t\t\t\t\t<img decoding=\"async\" width=\"1400\" height=\"900\" src=\"https:\/\/kvisionia.com\/wp-content\/uploads\/2024\/04\/kkf.webp\" class=\"attachment-1536x1536 size-1536x1536 wp-image-1117\" alt=\"\" srcset=\"https:\/\/kvisionia.com\/wp-content\/uploads\/2024\/04\/kkf.webp 1400w, https:\/\/kvisionia.com\/wp-content\/uploads\/2024\/04\/kkf-300x193.webp 300w, https:\/\/kvisionia.com\/wp-content\/uploads\/2024\/04\/kkf-1024x658.webp 1024w, https:\/\/kvisionia.com\/wp-content\/uploads\/2024\/04\/kkf-768x494.webp 768w\" sizes=\"(max-width: 1400px) 100vw, 1400px\" \/>\t\t\t\t\t\t\t\t\t\t\t\t\t<\/div>\n\t\t\t\t<\/div>\n\t\t\t\t\t<\/div>\n\t\t<\/div>\n\t\t\t\t<div class=\"elementor-column elementor-col-25 elementor-top-column elementor-element elementor-element-dd8f42c\" data-id=\"dd8f42c\" data-element_type=\"column\">\n\t\t\t<div class=\"elementor-widget-wrap elementor-element-populated\">\n\t\t\t\t\t\t<div class=\"elementor-element elementor-element-402cb4b elementor-invisible elementor-widget elementor-widget-image\" data-id=\"402cb4b\" data-element_type=\"widget\" data-settings=\"{&quot;_animation&quot;:&quot;fadeInRight&quot;}\" data-widget_type=\"image.default\">\n\t\t\t\t<div class=\"elementor-widget-container\">\n\t\t\t\t\t\t\t\t\t\t\t\t\t<img fetchpriority=\"high\" decoding=\"async\" width=\"640\" height=\"640\" src=\"https:\/\/kvisionia.com\/wp-content\/uploads\/2024\/04\/KVISION_IA_Logo_-_Original_-_5000x5000-1024x1024.png\" class=\"attachment-large size-large wp-image-908\" alt=\"\" srcset=\"https:\/\/kvisionia.com\/wp-content\/uploads\/2024\/04\/KVISION_IA_Logo_-_Original_-_5000x5000-1024x1024.png 1024w, https:\/\/kvisionia.com\/wp-content\/uploads\/2024\/04\/KVISION_IA_Logo_-_Original_-_5000x5000-300x300.png 300w, https:\/\/kvisionia.com\/wp-content\/uploads\/2024\/04\/KVISION_IA_Logo_-_Original_-_5000x5000-150x150.png 150w, https:\/\/kvisionia.com\/wp-content\/uploads\/2024\/04\/KVISION_IA_Logo_-_Original_-_5000x5000-768x768.png 768w, https:\/\/kvisionia.com\/wp-content\/uploads\/2024\/04\/KVISION_IA_Logo_-_Original_-_5000x5000-1536x1536.png 1536w, https:\/\/kvisionia.com\/wp-content\/uploads\/2024\/04\/KVISION_IA_Logo_-_Original_-_5000x5000-2048x2048.png 2048w, https:\/\/kvisionia.com\/wp-content\/uploads\/2024\/04\/KVISION_IA_Logo_-_Original_-_5000x5000-e1714225702466.png 200w\" sizes=\"(max-width: 640px) 100vw, 640px\" \/>\t\t\t\t\t\t\t\t\t\t\t\t\t<\/div>\n\t\t\t\t<\/div>\n\t\t\t\t\t<\/div>\n\t\t<\/div>\n\t\t\t\t\t<\/div>\n\t\t<\/section>\n\t\t\t\t<section class=\"elementor-section elementor-top-section elementor-element elementor-element-55296bd elementor-section-boxed elementor-section-height-default elementor-section-height-default\" data-id=\"55296bd\" data-element_type=\"section\">\n\t\t\t\t\t\t<div class=\"elementor-container elementor-column-gap-default\">\n\t\t\t\t\t<div class=\"elementor-column elementor-col-100 elementor-top-column elementor-element elementor-element-3f41786\" data-id=\"3f41786\" data-element_type=\"column\">\n\t\t\t<div class=\"elementor-widget-wrap elementor-element-populated\">\n\t\t\t\t\t\t<div class=\"elementor-element elementor-element-e2afbc9 elementor-widget elementor-widget-spacer\" data-id=\"e2afbc9\" data-element_type=\"widget\" data-widget_type=\"spacer.default\">\n\t\t\t\t<div class=\"elementor-widget-container\">\n\t\t\t<style>\/*! elementor - v3.21.0 - 18-04-2024 *\/\n.elementor-column .elementor-spacer-inner{height:var(--spacer-size)}.e-con{--container-widget-width:100%}.e-con-inner>.elementor-widget-spacer,.e-con>.elementor-widget-spacer{width:var(--container-widget-width,var(--spacer-size));--align-self:var(--container-widget-align-self,initial);--flex-shrink:0}.e-con-inner>.elementor-widget-spacer>.elementor-widget-container,.e-con>.elementor-widget-spacer>.elementor-widget-container{height:100%;width:100%}.e-con-inner>.elementor-widget-spacer>.elementor-widget-container>.elementor-spacer,.e-con>.elementor-widget-spacer>.elementor-widget-container>.elementor-spacer{height:100%}.e-con-inner>.elementor-widget-spacer>.elementor-widget-container>.elementor-spacer>.elementor-spacer-inner,.e-con>.elementor-widget-spacer>.elementor-widget-container>.elementor-spacer>.elementor-spacer-inner{height:var(--container-widget-height,var(--spacer-size))}.e-con-inner>.elementor-widget-spacer.elementor-widget-empty,.e-con>.elementor-widget-spacer.elementor-widget-empty{position:relative;min-height:22px;min-width:22px}.e-con-inner>.elementor-widget-spacer.elementor-widget-empty .elementor-widget-empty-icon,.e-con>.elementor-widget-spacer.elementor-widget-empty .elementor-widget-empty-icon{position:absolute;top:0;bottom:0;left:0;right:0;margin:auto;padding:0;width:22px;height:22px}<\/style>\t\t<div class=\"elementor-spacer\">\n\t\t\t<div class=\"elementor-spacer-inner\"><\/div>\n\t\t<\/div>\n\t\t\t\t<\/div>\n\t\t\t\t<\/div>\n\t\t\t\t<div class=\"elementor-element elementor-element-38f5c17 elementor-widget elementor-widget-contact-info\" data-id=\"38f5c17\" data-element_type=\"widget\" data-widget_type=\"contact-info.default\">\n\t\t\t\t<div class=\"elementor-widget-container\">\n\t\t\t<!-- Contact Info Section Start !-->\r\n<div class=\"te-contact-info-wrapper mb-0\">\r\n    <div class=\"te-contact-info\">\r\n\r\n        <div class=\"single-contact-info\">\r\n                        <div class=\"contact-info-inner\">\r\n                                    <div class=\"title-wrapper\">\r\n                        <h3 class=\"title\"> Adresse<\/h3>\r\n                    <\/div>\r\n                \r\n                                    <div class=\"content-wrapper\">\r\n                        <p>Toulouse, France<\/p>\r\n                    <\/div>\r\n                            <\/div>\r\n            \r\n                        <div class=\"contact-info-inner\">\r\n                                    <div class=\"title-wrapper\">\r\n                        <h3 class=\"title\">Email<\/h3>\r\n                    <\/div>\r\n                \r\n                                    <div class=\"content-wrapper\">\r\n                        <p>k.visionia@gmail.com  <br \/> Kaan@visionias.fr<\/p>\r\n                    <\/div>\r\n                            <\/div>\r\n            \r\n        <\/div>\r\n        <div class=\"single-contact-info\">\r\n                            <div class=\"contact-info-inner\">\r\n                                            <div class=\"title-wrapper\">\r\n                            <h3 class=\"title\">Num\u00e9ro de t\u00e9l\u00e9phone<\/h3>\r\n                        <\/div>\r\n                    \r\n                                            <div class=\"content-wrapper\">\r\n                            <p>+33 7 66 85 30 38  <br \/> <\/p>\r\n                        <\/div>\r\n                                    <\/div>\r\n            \r\n            <div class=\"contact-info-inner\">\r\n                                    <div class=\"title-wrapper\">\r\n                        <h3 class=\"title\">R\u00e9seaux Sociaux<\/h3>\r\n                    <\/div>\r\n                                <div class=\"content-wrapper\">\r\n                    <div class=\"social-link\">\r\n                                                <a href=\"https:\/\/www.linkedin.com\/in\/kaan-atay-9335272b1\/\">\r\n                                                                                                <i aria-hidden=\"true\" class=\"netfusion icon-linkedin\"><\/i>                                                                                    <\/a>\r\n                                                <a href=\"\">\r\n                                                                                                <i aria-hidden=\"true\" class=\"netfusion icon-instagram\"><\/i>                                                                                    <\/a>\r\n                                                <a href=\"\">\r\n                                                                                                                <\/a>\r\n                                            <\/div>\r\n                <\/div>\r\n            <\/div>\r\n        <\/div>\r\n    <\/div>\r\n<\/div>\r\n<!-- Contact Info Section End -->\t\t<\/div>\n\t\t\t\t<\/div>\n\t\t\t\t\t<\/div>\n\t\t<\/div>\n\t\t\t\t\t<\/div>\n\t\t<\/section>\n\t\t\t\t<section class=\"elementor-section elementor-top-section elementor-element elementor-element-0e00ce7 elementor-section-boxed elementor-section-height-default elementor-section-height-default\" data-id=\"0e00ce7\" data-element_type=\"section\">\n\t\t\t\t\t\t<div class=\"elementor-container elementor-column-gap-default\">\n\t\t\t\t\t<div class=\"elementor-column elementor-col-100 elementor-top-column elementor-element elementor-element-a050b3e\" data-id=\"a050b3e\" data-element_type=\"column\">\n\t\t\t<div class=\"elementor-widget-wrap elementor-element-populated\">\n\t\t\t\t\t\t<div class=\"elementor-element elementor-element-1a76c1d elementor-widget elementor-widget-google_maps\" data-id=\"1a76c1d\" data-element_type=\"widget\" data-widget_type=\"google_maps.default\">\n\t\t\t\t<div class=\"elementor-widget-container\">\n\t\t\t<style>\/*! elementor - v3.21.0 - 18-04-2024 *\/\n.elementor-widget-google_maps .elementor-widget-container{overflow:hidden}.elementor-widget-google_maps .elementor-custom-embed{line-height:0}.elementor-widget-google_maps iframe{height:300px}<\/style>\t\t<div class=\"elementor-custom-embed\">\n\t\t\t<iframe loading=\"lazy\"\n\t\t\t\t\tsrc=\"https:\/\/maps.google.com\/maps?q=Toulouse&#038;t=m&#038;z=12&#038;output=embed&#038;iwloc=near\"\n\t\t\t\t\ttitle=\"Toulouse\"\n\t\t\t\t\taria-label=\"Toulouse\"\n\t\t\t><\/iframe>\n\t\t<\/div>\n\t\t\t\t<\/div>\n\t\t\t\t<\/div>\n\t\t\t\t\t<\/div>\n\t\t<\/div>\n\t\t\t\t\t<\/div>\n\t\t<\/section>\n\t\t\t\t<section class=\"elementor-section elementor-top-section elementor-element elementor-element-2f0165c elementor-section-boxed elementor-section-height-default elementor-section-height-default\" data-id=\"2f0165c\" data-element_type=\"section\">\n\t\t\t\t\t\t<div class=\"elementor-container elementor-column-gap-default\">\n\t\t\t\t\t<div class=\"elementor-column elementor-col-100 elementor-top-column elementor-element elementor-element-01a7a57\" data-id=\"01a7a57\" data-element_type=\"column\">\n\t\t\t<div class=\"elementor-widget-wrap elementor-element-populated\">\n\t\t\t\t\t\t<div class=\"elementor-element elementor-element-04dfbe2 elementor-widget elementor-widget-spacer\" data-id=\"04dfbe2\" data-element_type=\"widget\" data-widget_type=\"spacer.default\">\n\t\t\t\t<div class=\"elementor-widget-container\">\n\t\t\t\t\t<div class=\"elementor-spacer\">\n\t\t\t<div class=\"elementor-spacer-inner\"><\/div>\n\t\t<\/div>\n\t\t\t\t<\/div>\n\t\t\t\t<\/div>\n\t\t\t\t\t<\/div>\n\t\t<\/div>\n\t\t\t\t\t<\/div>\n\t\t<\/section>\n\t\t\t\t<\/div>\n\t\t","protected":false},"excerpt":{"rendered":"<p>Adresse Toulouse, France Email k.visionia@gmail.com Kaan@visionias.fr Num\u00e9ro de t\u00e9l\u00e9phone +33 7 66 85 30 38 R\u00e9seaux Sociaux<\/p>\n","protected":false},"author":1,"featured_media":1199,"parent":0,"menu_order":0,"comment_status":"closed","ping_status":"closed","template":"","meta":{"footnotes":""},"class_list":["post-1276","page","type-page","status-publish","has-post-thumbnail","hentry"],"yoast_head":"<!-- This site is optimized with the Yoast SEO plugin v22.5 - https:\/\/yoast.com\/wordpress\/plugins\/seo\/ -->\n<title>Contact - K-Vision IA<\/title>\n<meta name=\"robots\" content=\"index, follow, max-snippet:-1, max-image-preview:large, max-video-preview:-1\" \/>\n<link rel=\"canonical\" href=\"https:\/\/kvisionia.com\/fr\/contact\/\" \/>\n<meta property=\"og:locale\" content=\"fr_FR\" \/>\n<meta property=\"og:type\" content=\"article\" \/>\n<meta property=\"og:title\" content=\"Contact - K-Vision IA\" \/>\n<meta property=\"og:description\" content=\"Adresse Toulouse, France Email k.visionia@gmail.com Kaan@visionias.fr Num\u00e9ro de t\u00e9l\u00e9phone +33 7 66 85 30 38 R\u00e9seaux Sociaux\" \/>\n<meta property=\"og:url\" content=\"https:\/\/kvisionia.com\/fr\/contact\/\" \/>\n<meta property=\"og:site_name\" content=\"K-Vision IA\" \/>\n<meta property=\"article:modified_time\" content=\"2024-04-28T14:09:43+00:00\" \/>\n<meta property=\"og:image\" content=\"https:\/\/kvisionia.com\/wp-content\/uploads\/2024\/02\/image-2.jpg\" \/>\n\t<meta property=\"og:image:width\" content=\"1074\" \/>\n\t<meta property=\"og:image:height\" content=\"800\" \/>\n\t<meta property=\"og:image:type\" content=\"image\/jpeg\" \/>\n<meta name=\"twitter:card\" content=\"summary_large_image\" \/>\n<meta name=\"twitter:label1\" content=\"Dur\u00e9e de lecture estim\u00e9e\" \/>\n\t<meta name=\"twitter:data1\" content=\"1 minute\" \/>\n<script type=\"application\/ld+json\" class=\"yoast-schema-graph\">{\"@context\":\"https:\/\/schema.org\",\"@graph\":[{\"@type\":\"WebPage\",\"@id\":\"https:\/\/kvisionia.com\/fr\/contact\/\",\"url\":\"https:\/\/kvisionia.com\/fr\/contact\/\",\"name\":\"Contact - K-Vision IA\",\"isPartOf\":{\"@id\":\"https:\/\/kvisionia.com\/fr\/#website\"},\"primaryImageOfPage\":{\"@id\":\"https:\/\/kvisionia.com\/fr\/contact\/#primaryimage\"},\"image\":{\"@id\":\"https:\/\/kvisionia.com\/fr\/contact\/#primaryimage\"},\"thumbnailUrl\":\"https:\/\/kvisionia.com\/wp-content\/uploads\/2024\/02\/image-2.jpg\",\"datePublished\":\"2024-05-18T22:00:52+00:00\",\"dateModified\":\"2024-04-28T14:09:43+00:00\",\"breadcrumb\":{\"@id\":\"https:\/\/kvisionia.com\/fr\/contact\/#breadcrumb\"},\"inLanguage\":\"fr-FR\",\"potentialAction\":[{\"@type\":\"ReadAction\",\"target\":[\"https:\/\/kvisionia.com\/fr\/contact\/\"]}]},{\"@type\":\"ImageObject\",\"inLanguage\":\"fr-FR\",\"@id\":\"https:\/\/kvisionia.com\/fr\/contact\/#primaryimage\",\"url\":\"https:\/\/kvisionia.com\/wp-content\/uploads\/2024\/02\/image-2.jpg\",\"contentUrl\":\"https:\/\/kvisionia.com\/wp-content\/uploads\/2024\/02\/image-2.jpg\",\"width\":1074,\"height\":800},{\"@type\":\"BreadcrumbList\",\"@id\":\"https:\/\/kvisionia.com\/fr\/contact\/#breadcrumb\",\"itemListElement\":[{\"@type\":\"ListItem\",\"position\":1,\"name\":\"Home\",\"item\":\"https:\/\/kvisionia.com\/fr\/\"},{\"@type\":\"ListItem\",\"position\":2,\"name\":\"Contact\"}]},{\"@type\":\"WebSite\",\"@id\":\"https:\/\/kvisionia.com\/fr\/#website\",\"url\":\"https:\/\/kvisionia.com\/fr\/\",\"name\":\"K-Vision IA\",\"description\":\"AI Powered Startup &amp; Technology\",\"potentialAction\":[{\"@type\":\"SearchAction\",\"target\":{\"@type\":\"EntryPoint\",\"urlTemplate\":\"https:\/\/kvisionia.com\/fr\/?s={search_term_string}\"},\"query-input\":\"required name=search_term_string\"}],\"inLanguage\":\"fr-FR\"}]}<\/script>\n<!-- \/ Yoast SEO plugin. -->","yoast_head_json":{"title":"Contact - K-Vision IA","robots":{"index":"index","follow":"follow","max-snippet":"max-snippet:-1","max-image-preview":"max-image-preview:large","max-video-preview":"max-video-preview:-1"},"canonical":"https:\/\/kvisionia.com\/fr\/contact\/","og_locale":"fr_FR","og_type":"article","og_title":"Contact - K-Vision IA","og_description":"Adresse Toulouse, France Email k.visionia@gmail.com Kaan@visionias.fr Num\u00e9ro de t\u00e9l\u00e9phone +33 7 66 85 30 38 R\u00e9seaux Sociaux","og_url":"https:\/\/kvisionia.com\/fr\/contact\/","og_site_name":"K-Vision IA","article_modified_time":"2024-04-28T14:09:43+00:00","og_image":[{"width":1074,"height":800,"url":"https:\/\/kvisionia.com\/wp-content\/uploads\/2024\/02\/image-2.jpg","type":"image\/jpeg"}],"twitter_card":"summary_large_image","twitter_misc":{"Dur\u00e9e de lecture estim\u00e9e":"1 minute"},"schema":{"@context":"https:\/\/schema.org","@graph":[{"@type":"WebPage","@id":"https:\/\/kvisionia.com\/fr\/contact\/","url":"https:\/\/kvisionia.com\/fr\/contact\/","name":"Contact - K-Vision IA","isPartOf":{"@id":"https:\/\/kvisionia.com\/fr\/#website"},"primaryImageOfPage":{"@id":"https:\/\/kvisionia.com\/fr\/contact\/#primaryimage"},"image":{"@id":"https:\/\/kvisionia.com\/fr\/contact\/#primaryimage"},"thumbnailUrl":"https:\/\/kvisionia.com\/wp-content\/uploads\/2024\/02\/image-2.jpg","datePublished":"2024-05-18T22:00:52+00:00","dateModified":"2024-04-28T14:09:43+00:00","breadcrumb":{"@id":"https:\/\/kvisionia.com\/fr\/contact\/#breadcrumb"},"inLanguage":"fr-FR","potentialAction":[{"@type":"ReadAction","target":["https:\/\/kvisionia.com\/fr\/contact\/"]}]},{"@type":"ImageObject","inLanguage":"fr-FR","@id":"https:\/\/kvisionia.com\/fr\/contact\/#primaryimage","url":"https:\/\/kvisionia.com\/wp-content\/uploads\/2024\/02\/image-2.jpg","contentUrl":"https:\/\/kvisionia.com\/wp-content\/uploads\/2024\/02\/image-2.jpg","width":1074,"height":800},{"@type":"BreadcrumbList","@id":"https:\/\/kvisionia.com\/fr\/contact\/#breadcrumb","itemListElement":[{"@type":"ListItem","position":1,"name":"Home","item":"https:\/\/kvisionia.com\/fr\/"},{"@type":"ListItem","position":2,"name":"Contact"}]},{"@type":"WebSite","@id":"https:\/\/kvisionia.com\/fr\/#website","url":"https:\/\/kvisionia.com\/fr\/","name":"K-Vision IA","description":"AI Powered Startup &amp; Technology","potentialAction":[{"@type":"SearchAction","target":{"@type":"EntryPoint","urlTemplate":"https:\/\/kvisionia.com\/fr\/?s={search_term_string}"},"query-input":"required name=search_term_string"}],"inLanguage":"fr-FR"}]}},"_links":{"self":[{"href":"https:\/\/kvisionia.com\/fr\/wp-json\/wp\/v2\/pages\/1276","targetHints":{"allow":["GET"]}}],"collection":[{"href":"https:\/\/kvisionia.com\/fr\/wp-json\/wp\/v2\/pages"}],"about":[{"href":"https:\/\/kvisionia.com\/fr\/wp-json\/wp\/v2\/types\/page"}],"author":[{"embeddable":true,"href":"https:\/\/kvisionia.com\/fr\/wp-json\/wp\/v2\/users\/1"}],"replies":[{"embeddable":true,"href":"https:\/\/kvisionia.com\/fr\/wp-json\/wp\/v2\/comments?post=1276"}],"version-history":[{"count":4,"href":"https:\/\/kvisionia.com\/fr\/wp-json\/wp\/v2\/pages\/1276\/revisions"}],"predecessor-version":[{"id":1308,"href":"https:\/\/kvisionia.com\/fr\/wp-json\/wp\/v2\/pages\/1276\/revisions\/1308"}],"wp:featuredmedia":[{"embeddable":true,"href":"https:\/\/kvisionia.com\/fr\/wp-json\/wp\/v2\/media\/1199"}],"wp:attachment":[{"href":"https:\/\/kvisionia.com\/fr\/wp-json\/wp\/v2\/media?parent=1276"}],"curies":[{"name":"wp","href":"https:\/\/api.w.org\/{rel}","templated":true}]}}