{"id":1387,"date":"2024-05-19T00:00:38","date_gmt":"2024-05-18T22:00:38","guid":{"rendered":"https:\/\/kvisionia.com\/?page_id=1387"},"modified":"2024-08-12T15:39:11","modified_gmt":"2024-08-12T13:39:11","slug":"nos-tarifs-solutions-ai-adaptees-a-vos-besoins","status":"publish","type":"page","link":"https:\/\/kvisionia.com\/fr\/nos-tarifs-solutions-ai-adaptees-a-vos-besoins\/","title":{"rendered":"Nos Tarifs"},"content":{"rendered":"\t\t<div data-elementor-type=\"wp-page\" data-elementor-id=\"1387\" class=\"elementor elementor-1387 elementor-1017\">\n\t\t\t\t\t\t<section class=\"elementor-section elementor-top-section elementor-element elementor-element-f6db4e0 elementor-section-boxed elementor-section-height-default elementor-section-height-default\" data-id=\"f6db4e0\" data-element_type=\"section\">\n\t\t\t\t\t\t<div class=\"elementor-container elementor-column-gap-default\">\n\t\t\t\t\t<div class=\"elementor-column elementor-col-100 elementor-top-column elementor-element elementor-element-160b142\" data-id=\"160b142\" data-element_type=\"column\">\n\t\t\t<div class=\"elementor-widget-wrap elementor-element-populated\">\n\t\t\t\t\t\t<div class=\"elementor-element elementor-element-e9347c1 elementor-widget elementor-widget-netfusion-heading\" data-id=\"e9347c1\" data-element_type=\"widget\" data-widget_type=\"netfusion-heading.default\">\n\t\t\t\t<div class=\"elementor-widget-container\">\n\t\t\t<div class=\"te-section-title justify-content-center text-center\">\n    <div class=\"te-section-content\">\n                    <div class=\"short-title-wrapper\">\n                <span class=\"short-title\">Action tarifaire<\/span>\n            <\/div>\n                            <h2 class=\"title\">Options de prix pour les \u00e9cosyst\u00e8mes bas\u00e9s sur l'IA<\/h2>\n            <\/div>\n<\/div>\t\t<\/div>\n\t\t\t\t<\/div>\n\t\t\t\t\t<\/div>\n\t\t<\/div>\n\t\t\t\t\t<\/div>\n\t\t<\/section>\n\t\t\t\t<section class=\"elementor-section elementor-top-section elementor-element elementor-element-9959bbe elementor-section-boxed elementor-section-height-default elementor-section-height-default\" data-id=\"9959bbe\" data-element_type=\"section\">\n\t\t\t\t\t\t<div class=\"elementor-container elementor-column-gap-default\">\n\t\t\t\t\t<div class=\"elementor-column elementor-col-100 elementor-top-column elementor-element elementor-element-cd9ece1\" data-id=\"cd9ece1\" data-element_type=\"column\">\n\t\t\t<div class=\"elementor-widget-wrap elementor-element-populated\">\n\t\t\t\t\t\t<section class=\"elementor-section elementor-inner-section elementor-element elementor-element-00480ea elementor-section-boxed elementor-section-height-default elementor-section-height-default\" data-id=\"00480ea\" data-element_type=\"section\">\n\t\t\t\t\t\t<div class=\"elementor-container elementor-column-gap-default\">\n\t\t\t\t\t<div class=\"elementor-column elementor-col-50 elementor-inner-column elementor-element elementor-element-30a7429 elementor-invisible\" data-id=\"30a7429\" data-element_type=\"column\" data-settings=\"{&quot;animation&quot;:&quot;fadeIn&quot;,&quot;animation_delay&quot;:400}\">\n\t\t\t<div class=\"elementor-widget-wrap elementor-element-populated\">\n\t\t\t\t\t\t<div class=\"elementor-element elementor-element-27dbe97 elementor-align-left elementor-widget elementor-widget-netfusion-pricing\" data-id=\"27dbe97\" data-element_type=\"widget\" data-widget_type=\"netfusion-pricing.default\">\n\t\t\t\t<div class=\"elementor-widget-container\">\n\t\t\t\n\n<div class=\"price-card style-1\">\n    <div class=\"circle-drop-shadow\"><\/div>\n    <div class=\"price\">\n\n            <\/div>\n    <div class=\"card-title\">\n                    <h3 class=\"title\">Plan basique<\/h3>\n                    <\/div>\n            <a href=\"https:\/\/calendly.com\/kaan-visionias\/free-ai-consultation\" target=\"_blank\" class=\"price-label\">\n            Contactez-nous                            <i class=\"fa-solid fa-arrow-right\"><\/i>\n                    <\/a>\n        <div class=\"list-wrapper\">\n        <div class=\"list\">\n            <ul>\n                                                            <li>\n                                                            <i class=\"fa-light fa-check\"><\/i>\n                                                        Choisissez entre des outils de prise de rendez-vous entrants, sortants ou de prise de rendez-vous.                    <\/li>\n                                                                                <li>\n                                                            <i class=\"fa-light fa-check\"><\/i>\n                                                        Int\u00e9grez une fonctionnalit\u00e9 de chatbot pour les interactions automatis\u00e9es avec les clients.                    <\/li>\n                                                                                <li>\n                                                            <i class=\"fa-light fa-check\"><\/i>\n                                                        B\u00e9n\u00e9ficiez d\u2019un support continu et de ressources exclusives.                    <\/li>\n                                                <\/ul>\n        <\/div>\n    <\/div>\n<\/div>\n\t\t<\/div>\n\t\t\t\t<\/div>\n\t\t\t\t\t<\/div>\n\t\t<\/div>\n\t\t\t\t<div class=\"elementor-column elementor-col-50 elementor-inner-column elementor-element elementor-element-15056ef elementor-invisible\" data-id=\"15056ef\" data-element_type=\"column\" data-settings=\"{&quot;animation&quot;:&quot;fadeIn&quot;,&quot;animation_delay&quot;:600}\">\n\t\t\t<div class=\"elementor-widget-wrap elementor-element-populated\">\n\t\t\t\t\t\t<div class=\"elementor-element elementor-element-143cf73 elementor-align-left elementor-widget elementor-widget-netfusion-pricing\" data-id=\"143cf73\" data-element_type=\"widget\" data-widget_type=\"netfusion-pricing.default\">\n\t\t\t\t<div class=\"elementor-widget-container\">\n\t\t\t\n\n<div class=\"price-card style-1\">\n    <div class=\"circle-drop-shadow\"><\/div>\n    <div class=\"price\">\n\n            <\/div>\n    <div class=\"card-title\">\n                    <h3 class=\"title\">Plan Professionnel<\/h3>\n                    <\/div>\n            <a href=\"https:\/\/calendly.com\/kaan-visionias\/free-ai-consultation\" target=\"_blank\" class=\"price-label\">\n            Contactez-nous                            <i class=\"fa-solid fa-arrow-right\"><\/i>\n                    <\/a>\n        <div class=\"list-wrapper\">\n        <div class=\"list\">\n            <ul>\n                                                            <li>\n                                                            <i class=\"fa-light fa-check\"><\/i>\n                                                        Acc\u00e9dez \u00e0 un \u00e9cosyst\u00e8me complet combinant entrants, sortants et prise de rendez-vous.                    <\/li>\n                                                                                <li>\n                                                            <i class=\"fa-light fa-check\"><\/i>\n                                                        Optimisez les strat\u00e9gies avec des recommandations personnalis\u00e9es.                    <\/li>\n                                                                                <li>\n                                                            <i class=\"fa-light fa-check\"><\/i>\n                                                        Utilisez des analyses personnalis\u00e9es pour obtenir des informations d\u00e9taill\u00e9es.                    <\/li>\n                                                                                <li>\n                                                            <i class=\"fa-light fa-check\"><\/i>\n                                                        D\u00e9bloquez des capacit\u00e9s avanc\u00e9es de chatbot pour un engagement client fluide.                    <\/li>\n                                                <\/ul>\n        <\/div>\n    <\/div>\n<\/div>\n\t\t<\/div>\n\t\t\t\t<\/div>\n\t\t\t\t\t<\/div>\n\t\t<\/div>\n\t\t\t\t\t<\/div>\n\t\t<\/section>\n\t\t\t\t\t<\/div>\n\t\t<\/div>\n\t\t\t\t\t<\/div>\n\t\t<\/section>\n\t\t\t\t<section class=\"elementor-section elementor-top-section elementor-element elementor-element-1d47e1e elementor-section-boxed elementor-section-height-default elementor-section-height-default\" data-id=\"1d47e1e\" data-element_type=\"section\">\n\t\t\t\t\t\t<div class=\"elementor-container elementor-column-gap-default\">\n\t\t\t\t\t<div class=\"elementor-column elementor-col-100 elementor-top-column elementor-element elementor-element-5d35707\" data-id=\"5d35707\" data-element_type=\"column\">\n\t\t\t<div class=\"elementor-widget-wrap elementor-element-populated\">\n\t\t\t\t\t\t<div class=\"elementor-element elementor-element-8dc23cd elementor-widget elementor-widget-spacer\" data-id=\"8dc23cd\" data-element_type=\"widget\" data-widget_type=\"spacer.default\">\n\t\t\t\t<div class=\"elementor-widget-container\">\n\t\t\t<style>\/*! elementor - v3.21.0 - 18-04-2024 *\/\n.elementor-column .elementor-spacer-inner{height:var(--spacer-size)}.e-con{--container-widget-width:100%}.e-con-inner>.elementor-widget-spacer,.e-con>.elementor-widget-spacer{width:var(--container-widget-width,var(--spacer-size));--align-self:var(--container-widget-align-self,initial);--flex-shrink:0}.e-con-inner>.elementor-widget-spacer>.elementor-widget-container,.e-con>.elementor-widget-spacer>.elementor-widget-container{height:100%;width:100%}.e-con-inner>.elementor-widget-spacer>.elementor-widget-container>.elementor-spacer,.e-con>.elementor-widget-spacer>.elementor-widget-container>.elementor-spacer{height:100%}.e-con-inner>.elementor-widget-spacer>.elementor-widget-container>.elementor-spacer>.elementor-spacer-inner,.e-con>.elementor-widget-spacer>.elementor-widget-container>.elementor-spacer>.elementor-spacer-inner{height:var(--container-widget-height,var(--spacer-size))}.e-con-inner>.elementor-widget-spacer.elementor-widget-empty,.e-con>.elementor-widget-spacer.elementor-widget-empty{position:relative;min-height:22px;min-width:22px}.e-con-inner>.elementor-widget-spacer.elementor-widget-empty .elementor-widget-empty-icon,.e-con>.elementor-widget-spacer.elementor-widget-empty .elementor-widget-empty-icon{position:absolute;top:0;bottom:0;left:0;right:0;margin:auto;padding:0;width:22px;height:22px}<\/style>\t\t<div class=\"elementor-spacer\">\n\t\t\t<div class=\"elementor-spacer-inner\"><\/div>\n\t\t<\/div>\n\t\t\t\t<\/div>\n\t\t\t\t<\/div>\n\t\t\t\t\t<\/div>\n\t\t<\/div>\n\t\t\t\t\t<\/div>\n\t\t<\/section>\n\t\t\t\t<\/div>\n\t\t","protected":false},"excerpt":{"rendered":"<p>Action tarifaire Options de prix pour les \u00e9cosyst\u00e8mes bas\u00e9s sur l&rsquo;IA Plan basique Contactez-nous Choisissez entre des outils de prise de rendez-vous entrants, sortants ou de prise de rendez-vous. Int\u00e9grez une fonctionnalit\u00e9 de chatbot pour les interactions automatis\u00e9es avec les clients. B\u00e9n\u00e9ficiez d\u2019un support continu et de ressources exclusives. Plan Professionnel Contactez-nous Acc\u00e9dez \u00e0 un [&hellip;]<\/p>\n","protected":false},"author":3,"featured_media":1199,"parent":0,"menu_order":0,"comment_status":"closed","ping_status":"closed","template":"","meta":{"footnotes":""},"class_list":["post-1387","page","type-page","status-publish","has-post-thumbnail","hentry"],"yoast_head":"<!-- This site is optimized with the Yoast SEO plugin v22.5 - https:\/\/yoast.com\/wordpress\/plugins\/seo\/ -->\n<title>Nos Tarifs | Solutions AI Adapt\u00e9es \u00e0 Vos Besoins<\/title>\n<meta name=\"description\" content=\"D\u00e9couvrez notre gamme compl\u00e8te de tarifs pour des solutions AI adapt\u00e9es \u00e0 vos objectifs commerciaux. De la consultation en intelligence artificielle au d\u00e9veloppement sur mesure, nous proposons des solutions con\u00e7ues pour stimuler l&#039;innovation et le succ\u00e8s. En savoir plus maintenant !\" \/>\n<meta name=\"robots\" content=\"index, follow, max-snippet:-1, max-image-preview:large, max-video-preview:-1\" \/>\n<link rel=\"canonical\" href=\"https:\/\/kvisionia.com\/fr\/nos-tarifs-solutions-ai-adaptees-a-vos-besoins\/\" \/>\n<meta property=\"og:locale\" content=\"fr_FR\" \/>\n<meta property=\"og:type\" content=\"article\" \/>\n<meta property=\"og:title\" content=\"Nos Tarifs | Solutions AI Adapt\u00e9es \u00e0 Vos Besoins\" \/>\n<meta property=\"og:description\" content=\"D\u00e9couvrez notre gamme compl\u00e8te de tarifs pour des solutions AI adapt\u00e9es \u00e0 vos objectifs commerciaux. De la consultation en intelligence artificielle au d\u00e9veloppement sur mesure, nous proposons des solutions con\u00e7ues pour stimuler l&#039;innovation et le succ\u00e8s. En savoir plus maintenant !\" \/>\n<meta property=\"og:url\" content=\"https:\/\/kvisionia.com\/fr\/nos-tarifs-solutions-ai-adaptees-a-vos-besoins\/\" \/>\n<meta property=\"og:site_name\" content=\"K-Vision IA\" \/>\n<meta property=\"article:modified_time\" content=\"2024-08-12T13:39:11+00:00\" \/>\n<meta property=\"og:image\" content=\"https:\/\/kvisionia.com\/wp-content\/uploads\/2024\/02\/image-2.jpg\" \/>\n\t<meta property=\"og:image:width\" content=\"1074\" \/>\n\t<meta property=\"og:image:height\" content=\"800\" \/>\n\t<meta property=\"og:image:type\" content=\"image\/jpeg\" \/>\n<meta name=\"twitter:card\" content=\"summary_large_image\" \/>\n<meta name=\"twitter:label1\" content=\"Dur\u00e9e de lecture estim\u00e9e\" \/>\n\t<meta name=\"twitter:data1\" content=\"1 minute\" \/>\n<script type=\"application\/ld+json\" class=\"yoast-schema-graph\">{\"@context\":\"https:\/\/schema.org\",\"@graph\":[{\"@type\":\"WebPage\",\"@id\":\"https:\/\/kvisionia.com\/fr\/nos-tarifs-solutions-ai-adaptees-a-vos-besoins\/\",\"url\":\"https:\/\/kvisionia.com\/fr\/nos-tarifs-solutions-ai-adaptees-a-vos-besoins\/\",\"name\":\"Nos Tarifs | Solutions AI Adapt\u00e9es \u00e0 Vos Besoins\",\"isPartOf\":{\"@id\":\"https:\/\/kvisionia.com\/fr\/#website\"},\"primaryImageOfPage\":{\"@id\":\"https:\/\/kvisionia.com\/fr\/nos-tarifs-solutions-ai-adaptees-a-vos-besoins\/#primaryimage\"},\"image\":{\"@id\":\"https:\/\/kvisionia.com\/fr\/nos-tarifs-solutions-ai-adaptees-a-vos-besoins\/#primaryimage\"},\"thumbnailUrl\":\"https:\/\/kvisionia.com\/wp-content\/uploads\/2024\/02\/image-2.jpg\",\"datePublished\":\"2024-05-18T22:00:38+00:00\",\"dateModified\":\"2024-08-12T13:39:11+00:00\",\"description\":\"D\u00e9couvrez notre gamme compl\u00e8te de tarifs pour des solutions AI adapt\u00e9es \u00e0 vos objectifs commerciaux. De la consultation en intelligence artificielle au d\u00e9veloppement sur mesure, nous proposons des solutions con\u00e7ues pour stimuler l'innovation et le succ\u00e8s. En savoir plus maintenant !\",\"breadcrumb\":{\"@id\":\"https:\/\/kvisionia.com\/fr\/nos-tarifs-solutions-ai-adaptees-a-vos-besoins\/#breadcrumb\"},\"inLanguage\":\"fr-FR\",\"potentialAction\":[{\"@type\":\"ReadAction\",\"target\":[\"https:\/\/kvisionia.com\/fr\/nos-tarifs-solutions-ai-adaptees-a-vos-besoins\/\"]}]},{\"@type\":\"ImageObject\",\"inLanguage\":\"fr-FR\",\"@id\":\"https:\/\/kvisionia.com\/fr\/nos-tarifs-solutions-ai-adaptees-a-vos-besoins\/#primaryimage\",\"url\":\"https:\/\/kvisionia.com\/wp-content\/uploads\/2024\/02\/image-2.jpg\",\"contentUrl\":\"https:\/\/kvisionia.com\/wp-content\/uploads\/2024\/02\/image-2.jpg\",\"width\":1074,\"height\":800},{\"@type\":\"BreadcrumbList\",\"@id\":\"https:\/\/kvisionia.com\/fr\/nos-tarifs-solutions-ai-adaptees-a-vos-besoins\/#breadcrumb\",\"itemListElement\":[{\"@type\":\"ListItem\",\"position\":1,\"name\":\"Home\",\"item\":\"https:\/\/kvisionia.com\/fr\/\"},{\"@type\":\"ListItem\",\"position\":2,\"name\":\"Nos Tarifs\"}]},{\"@type\":\"WebSite\",\"@id\":\"https:\/\/kvisionia.com\/fr\/#website\",\"url\":\"https:\/\/kvisionia.com\/fr\/\",\"name\":\"K-Vision IA\",\"description\":\"AI Powered Startup &amp; Technology\",\"potentialAction\":[{\"@type\":\"SearchAction\",\"target\":{\"@type\":\"EntryPoint\",\"urlTemplate\":\"https:\/\/kvisionia.com\/fr\/?s={search_term_string}\"},\"query-input\":\"required name=search_term_string\"}],\"inLanguage\":\"fr-FR\"}]}<\/script>\n<!-- \/ Yoast SEO plugin. -->","yoast_head_json":{"title":"Nos Tarifs | Solutions AI Adapt\u00e9es \u00e0 Vos Besoins","description":"D\u00e9couvrez notre gamme compl\u00e8te de tarifs pour des solutions AI adapt\u00e9es \u00e0 vos objectifs commerciaux. De la consultation en intelligence artificielle au d\u00e9veloppement sur mesure, nous proposons des solutions con\u00e7ues pour stimuler l'innovation et le succ\u00e8s. En savoir plus maintenant !","robots":{"index":"index","follow":"follow","max-snippet":"max-snippet:-1","max-image-preview":"max-image-preview:large","max-video-preview":"max-video-preview:-1"},"canonical":"https:\/\/kvisionia.com\/fr\/nos-tarifs-solutions-ai-adaptees-a-vos-besoins\/","og_locale":"fr_FR","og_type":"article","og_title":"Nos Tarifs | Solutions AI Adapt\u00e9es \u00e0 Vos Besoins","og_description":"D\u00e9couvrez notre gamme compl\u00e8te de tarifs pour des solutions AI adapt\u00e9es \u00e0 vos objectifs commerciaux. De la consultation en intelligence artificielle au d\u00e9veloppement sur mesure, nous proposons des solutions con\u00e7ues pour stimuler l'innovation et le succ\u00e8s. En savoir plus maintenant !","og_url":"https:\/\/kvisionia.com\/fr\/nos-tarifs-solutions-ai-adaptees-a-vos-besoins\/","og_site_name":"K-Vision IA","article_modified_time":"2024-08-12T13:39:11+00:00","og_image":[{"width":1074,"height":800,"url":"https:\/\/kvisionia.com\/wp-content\/uploads\/2024\/02\/image-2.jpg","type":"image\/jpeg"}],"twitter_card":"summary_large_image","twitter_misc":{"Dur\u00e9e de lecture estim\u00e9e":"1 minute"},"schema":{"@context":"https:\/\/schema.org","@graph":[{"@type":"WebPage","@id":"https:\/\/kvisionia.com\/fr\/nos-tarifs-solutions-ai-adaptees-a-vos-besoins\/","url":"https:\/\/kvisionia.com\/fr\/nos-tarifs-solutions-ai-adaptees-a-vos-besoins\/","name":"Nos Tarifs | Solutions AI Adapt\u00e9es \u00e0 Vos Besoins","isPartOf":{"@id":"https:\/\/kvisionia.com\/fr\/#website"},"primaryImageOfPage":{"@id":"https:\/\/kvisionia.com\/fr\/nos-tarifs-solutions-ai-adaptees-a-vos-besoins\/#primaryimage"},"image":{"@id":"https:\/\/kvisionia.com\/fr\/nos-tarifs-solutions-ai-adaptees-a-vos-besoins\/#primaryimage"},"thumbnailUrl":"https:\/\/kvisionia.com\/wp-content\/uploads\/2024\/02\/image-2.jpg","datePublished":"2024-05-18T22:00:38+00:00","dateModified":"2024-08-12T13:39:11+00:00","description":"D\u00e9couvrez notre gamme compl\u00e8te de tarifs pour des solutions AI adapt\u00e9es \u00e0 vos objectifs commerciaux. De la consultation en intelligence artificielle au d\u00e9veloppement sur mesure, nous proposons des solutions con\u00e7ues pour stimuler l'innovation et le succ\u00e8s. En savoir plus maintenant !","breadcrumb":{"@id":"https:\/\/kvisionia.com\/fr\/nos-tarifs-solutions-ai-adaptees-a-vos-besoins\/#breadcrumb"},"inLanguage":"fr-FR","potentialAction":[{"@type":"ReadAction","target":["https:\/\/kvisionia.com\/fr\/nos-tarifs-solutions-ai-adaptees-a-vos-besoins\/"]}]},{"@type":"ImageObject","inLanguage":"fr-FR","@id":"https:\/\/kvisionia.com\/fr\/nos-tarifs-solutions-ai-adaptees-a-vos-besoins\/#primaryimage","url":"https:\/\/kvisionia.com\/wp-content\/uploads\/2024\/02\/image-2.jpg","contentUrl":"https:\/\/kvisionia.com\/wp-content\/uploads\/2024\/02\/image-2.jpg","width":1074,"height":800},{"@type":"BreadcrumbList","@id":"https:\/\/kvisionia.com\/fr\/nos-tarifs-solutions-ai-adaptees-a-vos-besoins\/#breadcrumb","itemListElement":[{"@type":"ListItem","position":1,"name":"Home","item":"https:\/\/kvisionia.com\/fr\/"},{"@type":"ListItem","position":2,"name":"Nos Tarifs"}]},{"@type":"WebSite","@id":"https:\/\/kvisionia.com\/fr\/#website","url":"https:\/\/kvisionia.com\/fr\/","name":"K-Vision IA","description":"AI Powered Startup &amp; Technology","potentialAction":[{"@type":"SearchAction","target":{"@type":"EntryPoint","urlTemplate":"https:\/\/kvisionia.com\/fr\/?s={search_term_string}"},"query-input":"required name=search_term_string"}],"inLanguage":"fr-FR"}]}},"_links":{"self":[{"href":"https:\/\/kvisionia.com\/fr\/wp-json\/wp\/v2\/pages\/1387","targetHints":{"allow":["GET"]}}],"collection":[{"href":"https:\/\/kvisionia.com\/fr\/wp-json\/wp\/v2\/pages"}],"about":[{"href":"https:\/\/kvisionia.com\/fr\/wp-json\/wp\/v2\/types\/page"}],"author":[{"embeddable":true,"href":"https:\/\/kvisionia.com\/fr\/wp-json\/wp\/v2\/users\/3"}],"replies":[{"embeddable":true,"href":"https:\/\/kvisionia.com\/fr\/wp-json\/wp\/v2\/comments?post=1387"}],"version-history":[{"count":8,"href":"https:\/\/kvisionia.com\/fr\/wp-json\/wp\/v2\/pages\/1387\/revisions"}],"predecessor-version":[{"id":1432,"href":"https:\/\/kvisionia.com\/fr\/wp-json\/wp\/v2\/pages\/1387\/revisions\/1432"}],"wp:featuredmedia":[{"embeddable":true,"href":"https:\/\/kvisionia.com\/fr\/wp-json\/wp\/v2\/media\/1199"}],"wp:attachment":[{"href":"https:\/\/kvisionia.com\/fr\/wp-json\/wp\/v2\/media?parent=1387"}],"curies":[{"name":"wp","href":"https:\/\/api.w.org\/{rel}","templated":true}]}}